{"id":177,"date":"2022-10-18T12:29:22","date_gmt":"2022-10-18T12:29:22","guid":{"rendered":"https:\/\/routiers-glarus.ch\/?page_id=177"},"modified":"2022-10-19T09:06:55","modified_gmt":"2022-10-19T09:06:55","slug":"eventlist","status":"publish","type":"page","link":"https:\/\/routiers-glarus.ch\/?page_id=177","title":{"rendered":"Eventlist"},"content":{"rendered":"\n<figure class=\"wp-block-table is-style-stripes\"><table><tbody><tr><td><div class=\"qem \"><div class=\"qem-icon\"><div class=\"qem-calendar-large\" style=\"margin:0 7px 7px 0;\"><span class=\"day\" >14<\/span><span class=\"nonday\" ><span class=\"month\"><em>Juni<\/em><\/span><span class=\"year\">2026<\/span><\/span><\/div><\/div><div class=\"qem-large\"><h2 class=\"qem_title\"><a href=\"https:\/\/routiers-glarus.ch\/?event=grillplausch-2-2-2\">Grillplausch 2026<\/a><\/h2><p class=\"start\" style=\"font-weight: bold; color: #343838; font-size: 140%; \" > 11:30<\/p><p class=\"desc\" style=\"font-size: 120%; \" >Blockh\u00fctte G\u00e4si \/\/ Anmeldeschluss 07. Juni. 2026<\/p><p class=\"readmore\"><a href=\"https:\/\/routiers-glarus.ch\/?event=grillplausch-2-2-2\">Weitere Infos...<\/a><\/p><div style=\"clear:both\"><\/div><\/div><\/div>\r\n<div class=\"qem \"><div class=\"qem-icon\"><div class=\"qem-calendar-large\" style=\"margin:0 7px 7px 0;\"><span class=\"day\" >12<\/span><span class=\"nonday\" ><span class=\"month\"><em>Juli<\/em><\/span><span class=\"year\">2026<\/span><\/span><\/div><\/div><div class=\"qem-large\"><h2 class=\"qem_title\"><a href=\"https:\/\/routiers-glarus.ch\/?event=familienwanderung-2-2-2\">Familienwanderung 2026<\/a><\/h2><p class=\"start\" style=\"font-weight: bold; color: #343838; font-size: 140%; \" > 10:15<\/p><p class=\"address\" style=\"font-size: 120%; \" >Ort: Besammlung 10.15 Uhr Bahnhof Ennenda<\/p><p class=\"desc\" style=\"font-size: 120%; \" >Gem\u00fctliche Rundwanderung . Wir laufen von Ennenda ca 2.5 Kilometer mittelm\u00e4ssig Bergauf via R\u00fctihof zur Schweizerfamilien \u2013Feuerstelle im S\u00f6li in Mitl\u00f6di. Verpflegung aus dem Rucksack. \/\/ Anmeldeschluss 05. Juli. 2026<\/p><p class=\"readmore\"><a href=\"https:\/\/routiers-glarus.ch\/?event=familienwanderung-2-2-2\">Weitere Infos...<\/a><\/p><div style=\"clear:both\"><\/div><\/div><\/div>\r\n<div class=\"qem \"><div class=\"qem-icon\"><div class=\"qem-calendar-large\" style=\"margin:0 7px 7px 0;\"><span class=\"day\" >09<\/span><span class=\"nonday\" ><span class=\"month\"><em>Aug.<\/em><\/span><span class=\"year\">2026<\/span><\/span><\/div><\/div><div class=\"qem-large\"><h2 class=\"qem_title\"><a href=\"https:\/\/routiers-glarus.ch\/?event=velotour-e-und-normal-2-2-2\">Velotour (E- und Normal) 2026<\/a><\/h2><p class=\"start\" style=\"font-weight: bold; color: #343838; font-size: 140%; \" > 09:00<\/p><p class=\"address\" style=\"font-size: 120%; \" >Ort: Besammlung Parkplatz JMS KW Grynau<\/p><p class=\"desc\" style=\"font-size: 120%; \" >Gem\u00fctliche Velotour durchs Flachland Region Linthebene  \/\/ Anmeldeschluss 02. Aug. 2026<\/p><p class=\"readmore\"><a href=\"https:\/\/routiers-glarus.ch\/?event=velotour-e-und-normal-2-2-2\">Weitere Infos...<\/a><\/p><div style=\"clear:both\"><\/div><\/div><\/div>\r\n<div class=\"qem \"><div class=\"qem-icon\"><div class=\"qem-calendar-large\" style=\"margin:0 7px 7px 0;\"><span class=\"day\" >06<\/span><span class=\"nonday\" ><span class=\"month\"><em>Sep.<\/em><\/span><span class=\"year\">2026<\/span><\/span><\/div><\/div><div class=\"qem-large\"><h2 class=\"qem_title\"><a href=\"https:\/\/routiers-glarus.ch\/?event=brunch-2-2-2\">Brunch 2026<\/a><\/h2><p class=\"start\" style=\"font-weight: bold; color: #343838; font-size: 140%; \" > 09:30<\/p><p class=\"address\" style=\"font-size: 120%; \" >Ort: Tunnelstrasse 4 Neuhaus<\/p><p class=\"desc\" style=\"font-size: 120%; \" >Brunch bei Trudi im Tru Bistro \/ Kosten: F\u00fcr Erwachsene 20.00 Fr. und Kinder 5.00 Fr. f\u00fcr Brunch mit Kaffee oder Ovo. Weitere Getr\u00e4nke muss jeder selber bezahlen! \/\/ Anmeldeschluss 30. Aug. 2026<\/p><p class=\"readmore\"><a href=\"https:\/\/routiers-glarus.ch\/?event=brunch-2-2-2\">Weitere Infos...<\/a><\/p><div style=\"clear:both\"><\/div><\/div><\/div>\r\n<div class=\"qem \"><div class=\"qem-icon\"><div class=\"qem-calendar-large\" style=\"margin:0 7px 7px 0;\"><span class=\"day\" >03<\/span><span class=\"nonday\" ><span class=\"month\"><em>Okt.<\/em><\/span><span class=\"year\">2026<\/span><\/span><\/div><\/div><div class=\"qem-large\"><h2 class=\"qem_title\"><a href=\"https:\/\/routiers-glarus.ch\/?event=raclette-2-2-2\">Fondue 2026<\/a><\/h2><p class=\"start\" style=\"font-weight: bold; color: #343838; font-size: 140%; \" > 19:00<\/p><p class=\"address\" style=\"font-size: 120%; \" >Ort: Rest. Aeschen Obersee N\u00e4fels<\/p><p class=\"desc\" style=\"font-size: 120%; \" >Fondue Abend mit Lotto im Rest. Aeschen Obersee N\u00e4fels. Unkostenbeitrag 10 Fr. \/\/ Anmeldeschluss 27.Sep.2026<\/p><p class=\"readmore\"><a href=\"https:\/\/routiers-glarus.ch\/?event=raclette-2-2-2\">Weitere Infos...<\/a><\/p><div style=\"clear:both\"><\/div><\/div><\/div>\r\n<div class=\"qem \"><div class=\"qem-icon\"><div class=\"qem-calendar-large\" style=\"margin:0 7px 7px 0;\"><span class=\"day\" >14<\/span><span class=\"nonday\" ><span class=\"month\"><em>Nov.<\/em><\/span><span class=\"year\">2026<\/span><\/span><\/div><\/div><div class=\"qem-large\"><h2 class=\"qem_title\"><a href=\"https:\/\/routiers-glarus.ch\/?event=bowlingabend-3-2\">Bowlingabend 2026<\/a><\/h2><p class=\"start\" style=\"font-weight: bold; color: #343838; font-size: 140%; \" > 19:30<\/p><p class=\"address\" style=\"font-size: 120%; \" >Ort: Feldlistrasse 9. 8645 Jona<\/p><p class=\"desc\" style=\"font-size: 120%; \" >Bowlingabend \/\/ Anmeldeschluss 08. Nov. 2026<\/p><p class=\"readmore\"><a href=\"https:\/\/routiers-glarus.ch\/?event=bowlingabend-3-2\">Weitere Infos...<\/a><\/p><div style=\"clear:both\"><\/div><\/div><\/div>\r\n<\/td><\/tr><\/tbody><\/table><\/figure>\n","protected":false},"excerpt":{"rendered":"","protected":false},"author":2,"featured_media":0,"parent":0,"menu_order":0,"comment_status":"closed","ping_status":"closed","template":"","meta":{"footnotes":""},"class_list":["post-177","page","type-page","status-publish","hentry","entry"],"_links":{"self":[{"href":"https:\/\/routiers-glarus.ch\/index.php?rest_route=\/wp\/v2\/pages\/177","targetHints":{"allow":["GET"]}}],"collection":[{"href":"https:\/\/routiers-glarus.ch\/index.php?rest_route=\/wp\/v2\/pages"}],"about":[{"href":"https:\/\/routiers-glarus.ch\/index.php?rest_route=\/wp\/v2\/types\/page"}],"author":[{"embeddable":true,"href":"https:\/\/routiers-glarus.ch\/index.php?rest_route=\/wp\/v2\/users\/2"}],"replies":[{"embeddable":true,"href":"https:\/\/routiers-glarus.ch\/index.php?rest_route=%2Fwp%2Fv2%2Fcomments&post=177"}],"version-history":[{"count":2,"href":"https:\/\/routiers-glarus.ch\/index.php?rest_route=\/wp\/v2\/pages\/177\/revisions"}],"predecessor-version":[{"id":191,"href":"https:\/\/routiers-glarus.ch\/index.php?rest_route=\/wp\/v2\/pages\/177\/revisions\/191"}],"wp:attachment":[{"href":"https:\/\/routiers-glarus.ch\/index.php?rest_route=%2Fwp%2Fv2%2Fmedia&parent=177"}],"curies":[{"name":"wp","href":"https:\/\/api.w.org\/{rel}","templated":true}]}}